{"id":369,"date":"2024-11-29T13:08:36","date_gmt":"2024-11-29T18:08:36","guid":{"rendered":"https:\/\/taxiaguirreaeropuerto.com.pe\/?page_id=369"},"modified":"2024-12-01T15:47:24","modified_gmt":"2024-12-01T20:47:24","slug":"politicas-de-privacidad","status":"publish","type":"page","link":"https:\/\/taxiaguirreaeropuerto.com.pe\/?page_id=369","title":{"rendered":"Politicas de Privacidad"},"content":{"rendered":"\t\t<div data-elementor-type=\"wp-page\" data-elementor-id=\"369\" class=\"elementor elementor-369\" data-elementor-post-type=\"page\">\n\t\t\t\t\t\t\t<div class=\"elementor-element elementor-element-730ab9c e-flex e-con-boxed e-con e-parent\" data-id=\"730ab9c\" data-element_type=\"container\" data-settings=\"{&quot;background_background&quot;:&quot;classic&quot;,&quot;content_width&quot;:&quot;boxed&quot;}\" data-core-v316-plus=\"true\">\n\t\t\t\t\t<div class=\"e-con-inner\">\n\t\t<div class=\"elementor-element elementor-element-b6f5328 e-con-full e-flex e-con e-child\" data-id=\"b6f5328\" data-element_type=\"container\" data-settings=\"{&quot;content_width&quot;:&quot;full&quot;}\">\n\t\t\t\t<\/div>\n\t\t<div class=\"elementor-element elementor-element-ebce245 e-con-full e-flex e-con e-child\" data-id=\"ebce245\" data-element_type=\"container\" data-settings=\"{&quot;content_width&quot;:&quot;full&quot;}\">\n\t\t\t\t<div class=\"elementor-element elementor-element-82ff930 elementor-widget elementor-widget-heading\" data-id=\"82ff930\" data-element_type=\"widget\" data-widget_type=\"heading.default\">\n\t\t\t\t<div class=\"elementor-widget-container\">\n\t\t\t<style>\/*! elementor - v3.18.0 - 20-12-2023 *\/\n.elementor-heading-title{padding:0;margin:0;line-height:1}.elementor-widget-heading .elementor-heading-title[class*=elementor-size-]>a{color:inherit;font-size:inherit;line-height:inherit}.elementor-widget-heading .elementor-heading-title.elementor-size-small{font-size:15px}.elementor-widget-heading .elementor-heading-title.elementor-size-medium{font-size:19px}.elementor-widget-heading .elementor-heading-title.elementor-size-large{font-size:29px}.elementor-widget-heading .elementor-heading-title.elementor-size-xl{font-size:39px}.elementor-widget-heading .elementor-heading-title.elementor-size-xxl{font-size:59px}<\/style><h2 class=\"elementor-heading-title elementor-size-default\">Pol\u00edticas de privacidad<\/h2>\t\t<\/div>\n\t\t\t\t<\/div>\n\t\t\t\t<div class=\"elementor-element elementor-element-e324b2f elementor-widget elementor-widget-text-editor\" data-id=\"e324b2f\" data-element_type=\"widget\" data-widget_type=\"text-editor.default\">\n\t\t\t\t<div class=\"elementor-widget-container\">\n\t\t\t<style>\/*! elementor - v3.18.0 - 20-12-2023 *\/\n.elementor-widget-text-editor.elementor-drop-cap-view-stacked .elementor-drop-cap{background-color:#69727d;color:#fff}.elementor-widget-text-editor.elementor-drop-cap-view-framed .elementor-drop-cap{color:#69727d;border:3px solid;background-color:transparent}.elementor-widget-text-editor:not(.elementor-drop-cap-view-default) .elementor-drop-cap{margin-top:8px}.elementor-widget-text-editor:not(.elementor-drop-cap-view-default) .elementor-drop-cap-letter{width:1em;height:1em}.elementor-widget-text-editor .elementor-drop-cap{float:left;text-align:center;line-height:1;font-size:50px}.elementor-widget-text-editor .elementor-drop-cap-letter{display:inline-block}<\/style>\t\t\t\t<p>En Taxi Aguirre (www. taxiaguirreaeropuerto.com.pe)\u00a0nos tomamos muy en serio tu privacidad y protegemos tus datos personales cumpliendo con el <strong>Reglamento General de Protecci\u00f3n de Datos (RGPD)<\/strong> y la <strong>Ley Org\u00e1nica de Protecci\u00f3n de Datos (LOPD GDD)<\/strong>. A continuaci\u00f3n, te explicamos c\u00f3mo tratamos tu informaci\u00f3n.<\/p><h4><strong>\u00bfQu\u00e9 datos recopilamos?<\/strong><\/h4><p>Recopilamos \u00fanicamente los datos personales necesarios para brindarte un mejor servicio, como tu nombre, correo electr\u00f3nico y cualquier informaci\u00f3n que nos proporciones al contactarnos, suscribirte a nuestro bolet\u00edn o interactuar con nuestro sitio web. Tambi\u00e9n podemos recoger datos no identificativos, como tu direcci\u00f3n IP o h\u00e1bitos de navegaci\u00f3n, mediante cookies.<\/p><h4><strong>\u00bfPara qu\u00e9 usamos tus datos?<\/strong><\/h4><p>Utilizamos tus datos para:<\/p><ul><li><strong>Responder tus consultas:<\/strong> Si nos escribes a trav\u00e9s de un formulario o correo, utilizamos tus datos para ofrecerte una respuesta personalizada.<\/li><li><strong>Enviarte informaci\u00f3n y novedades:<\/strong> Si te suscribes a nuestro bolet\u00edn, recibir\u00e1s actualizaciones, promociones y contenido relevante que pueda interesarte.<\/li><li><strong>Mejorar nuestra web:<\/strong> Analizamos c\u00f3mo interact\u00faas con nuestro sitio para optimizar su funcionalidad y contenido.<\/li><\/ul><p>Nunca compartiremos tus datos con terceros para fines publicitarios sin tu consentimiento expl\u00edcito.<\/p><h4><strong>Tus derechos<\/strong><\/h4><p>Como usuario, tienes pleno control sobre tus datos. Puedes:<\/p><ul><li>Solicitar acceso para saber qu\u00e9 informaci\u00f3n tenemos sobre ti.<\/li><li>Corregir datos incorrectos o incompletos.<\/li><li>Pedir la eliminaci\u00f3n de tus datos si ya no son necesarios.<\/li><li>Limitar o oponerte a su tratamiento en ciertas circunstancias.<\/li><li>Solicitar la portabilidad de tus datos a otro proveedor.<\/li><\/ul><p>Para ejercer tus derechos, env\u00edanos un correo a\u00a0<strong>infotaxiaguirre@gmail.com<\/strong>\u00a0con una copia de tu identificaci\u00f3n oficial.<\/p><h4><strong>Seguridad<\/strong><\/h4><p>Adoptamos medidas t\u00e9cnicas y organizativas para garantizar la seguridad de tus datos y prevenir accesos no autorizados, p\u00e9rdidas o alteraciones. Adem\u00e1s, trabajamos con proveedores que cumplen estrictas normativas de privacidad.<\/p><h4><strong>Consentimiento<\/strong><\/h4><p>Tu uso de nuestro sitio implica que aceptas esta Pol\u00edtica de Privacidad. Si decides suscribirte o proporcionarnos tus datos, te informaremos siempre del prop\u00f3sito y pediremos tu consentimiento expl\u00edcito.<\/p>\t\t\t\t\t\t<\/div>\n\t\t\t\t<\/div>\n\t\t\t\t<\/div>\n\t\t<div class=\"elementor-element elementor-element-30a44cd e-con-full e-flex e-con e-child\" data-id=\"30a44cd\" data-element_type=\"container\" data-settings=\"{&quot;content_width&quot;:&quot;full&quot;}\">\n\t\t\t\t<\/div>\n\t\t\t\t\t<\/div>\n\t\t\t\t<\/div>\n\t\t\t\t\t\t\t<\/div>\n\t\t","protected":false},"excerpt":{"rendered":"<p>Pol\u00edticas de privacidad En Taxi Aguirre (www. taxiaguirreaeropuerto.com.pe)\u00a0nos tomamos muy en serio tu privacidad y protegemos tus datos personales cumpliendo con el Reglamento General de Protecci\u00f3n de Datos (RGPD) y la Ley Org\u00e1nica de Protecci\u00f3n de Datos (LOPD GDD). A continuaci\u00f3n, te explicamos c\u00f3mo tratamos tu informaci\u00f3n. \u00bfQu\u00e9 datos recopilamos? Recopilamos \u00fanicamente los datos personales [&hellip;]<\/p>\n","protected":false},"author":1,"featured_media":0,"parent":0,"menu_order":0,"comment_status":"closed","ping_status":"closed","template":"","meta":{"footnotes":""},"_links":{"self":[{"href":"https:\/\/taxiaguirreaeropuerto.com.pe\/index.php?rest_route=\/wp\/v2\/pages\/369"}],"collection":[{"href":"https:\/\/taxiaguirreaeropuerto.com.pe\/index.php?rest_route=\/wp\/v2\/pages"}],"about":[{"href":"https:\/\/taxiaguirreaeropuerto.com.pe\/index.php?rest_route=\/wp\/v2\/types\/page"}],"author":[{"embeddable":true,"href":"https:\/\/taxiaguirreaeropuerto.com.pe\/index.php?rest_route=\/wp\/v2\/users\/1"}],"replies":[{"embeddable":true,"href":"https:\/\/taxiaguirreaeropuerto.com.pe\/index.php?rest_route=%2Fwp%2Fv2%2Fcomments&post=369"}],"version-history":[{"count":28,"href":"https:\/\/taxiaguirreaeropuerto.com.pe\/index.php?rest_route=\/wp\/v2\/pages\/369\/revisions"}],"predecessor-version":[{"id":553,"href":"https:\/\/taxiaguirreaeropuerto.com.pe\/index.php?rest_route=\/wp\/v2\/pages\/369\/revisions\/553"}],"wp:attachment":[{"href":"https:\/\/taxiaguirreaeropuerto.com.pe\/index.php?rest_route=%2Fwp%2Fv2%2Fmedia&parent=369"}],"curies":[{"name":"wp","href":"https:\/\/api.w.org\/{rel}","templated":true}]}}